{"id":5461,"date":"2023-11-28T10:31:26","date_gmt":"2023-11-28T10:31:26","guid":{"rendered":"https:\/\/dev.treativa.it\/bozze\/cadoro\/online-lager\/"},"modified":"2025-05-07T08:00:17","modified_gmt":"2025-05-07T08:00:17","slug":"online-lager","status":"publish","type":"page","link":"https:\/\/www.cadorospa.it\/de\/online-lager\/","title":{"rendered":"ONLINE LAGER"},"content":{"rendered":"\t\t<div data-elementor-type=\"wp-page\" data-elementor-id=\"5461\" class=\"elementor elementor-5461 elementor-888\" data-elementor-post-type=\"page\">\n\t\t\t\t\t\t<section class=\"elementor-section elementor-top-section elementor-element elementor-element-b410d2b elementor-section-height-min-height elementor-section-boxed elementor-section-height-default elementor-section-items-middle\" data-id=\"b410d2b\" data-element_type=\"section\" data-e-type=\"section\" data-settings=\"{&quot;background_background&quot;:&quot;classic&quot;}\">\n\t\t\t\t\t\t\t<div class=\"elementor-background-overlay\"><\/div>\n\t\t\t\t\t\t\t<div class=\"elementor-container elementor-column-gap-no\">\n\t\t\t\t\t<div class=\"elementor-column elementor-col-100 elementor-top-column elementor-element elementor-element-6b79d745\" data-id=\"6b79d745\" data-element_type=\"column\" data-e-type=\"column\">\n\t\t\t<div class=\"elementor-widget-wrap elementor-element-populated\">\n\t\t\t\t\t\t<div class=\"elementor-element elementor-element-42c4f7d3 elementor-widget elementor-widget-qi_addons_for_elementor_section_title\" data-id=\"42c4f7d3\" data-element_type=\"widget\" data-e-type=\"widget\" data-widget_type=\"qi_addons_for_elementor_section_title.default\">\n\t\t\t\t<div class=\"elementor-widget-container\">\n\t\t\t\t\t<div class=\"qodef-shortcode qodef-m qodef-qi-section-title qodef-decoration--underline qodef-link--underline-draw qodef-subtitle-icon--left\">\n\t\t\t<h1 class=\"qodef-m-title\">\n\t\t<span class=\"qodef-e-colored\">ONLINE<\/span> LAGER\t<\/h1>\n\t\t\t\t<h3 class=\"qodef-m-subtitle\">\n\t\tEFFIZIENTER SERVICE, UNSER ENGAGEMENT\t\t\t<\/h3>\n\t\t\t<\/div>\n\t\t\t\t<\/div>\n\t\t\t\t<\/div>\n\t\t\t\t\t<\/div>\n\t\t<\/div>\n\t\t\t\t\t<\/div>\n\t\t<\/section>\n\t\t\t\t<section class=\"elementor-section elementor-top-section elementor-element elementor-element-5af200df elementor-section-boxed elementor-section-height-default elementor-section-height-default\" data-id=\"5af200df\" data-element_type=\"section\" data-e-type=\"section\" data-settings=\"{&quot;background_background&quot;:&quot;classic&quot;}\">\n\t\t\t\t\t\t<div class=\"elementor-container elementor-column-gap-no\">\n\t\t\t\t\t<div class=\"elementor-column elementor-col-100 elementor-top-column elementor-element elementor-element-33704bd\" data-id=\"33704bd\" data-element_type=\"column\" data-e-type=\"column\">\n\t\t\t<div class=\"elementor-widget-wrap elementor-element-populated\">\n\t\t\t\t\t\t<div class=\"elementor-element elementor-element-5270aa9d elementor-invisible elementor-widget elementor-widget-qi_addons_for_elementor_section_title\" data-id=\"5270aa9d\" data-element_type=\"widget\" data-e-type=\"widget\" data-settings=\"{&quot;_animation&quot;:&quot;fadeInDown&quot;}\" data-widget_type=\"qi_addons_for_elementor_section_title.default\">\n\t\t\t\t<div class=\"elementor-widget-container\">\n\t\t\t\t\t<div class=\"qodef-shortcode qodef-m qodef-qi-section-title qodef-decoration--underline qodef-link--underline-draw qodef-subtitle-icon--left\">\n\t\t\t\t\t\t<h2 class=\"qodef-m-title\">\n\t\tTAUSENDE <span class=\"qodef-e-colored\">NATURSTEINE<\/span> <span class=\"qodef-e-colored\">IM<\/span> <span class=\"qodef-e-colored\">ANGEBOT<\/span>\t<\/h2>\n\t\t\t<\/div>\n\t\t\t\t<\/div>\n\t\t\t\t<\/div>\n\t\t\t\t<div class=\"elementor-element elementor-element-7abbab7 elementor-invisible elementor-widget elementor-widget-text-editor\" data-id=\"7abbab7\" data-element_type=\"widget\" data-e-type=\"widget\" data-settings=\"{&quot;_animation&quot;:&quot;fadeInDown&quot;}\" data-widget_type=\"text-editor.default\">\n\t\t\t\t\t\t\t\t\t<p class=\"p1\">In unseren Lagerst\u00e4tten steht eine breite Auswahl an Natursteinen aus aller Welt als Platten mit unterschiedlichen Finishes zur Verf\u00fcgung. Unser Lager ist auch online abrufbar, damit wir unseren Kunden die M\u00f6glichkeit bieten k\u00f6nnen, durch unseren Katalog zu st\u00f6bern. Unser Team bearbeitet die Bestellungen schnell und effizient, unsere Mitarbeiter liefern p\u00fcnktlich und sorgf\u00e4ltig, um einen angemessenen und zeitnahen Service zu gew\u00e4hrleisten. Fragen Sie uns nach den Produkten, die Sie am meisten interessieren, wir sind in der Lage, alle Arten von Anfragen zu beantworten.<\/p>\n\t\t\t\t\t\t\t\t<\/div>\n\t\t\t\t\t<\/div>\n\t\t<\/div>\n\t\t\t\t\t<\/div>\n\t\t<\/section>\n\t\t\t\t<section class=\"elementor-section elementor-inner-section elementor-element elementor-element-2f440bc elementor-section-full_width elementor-section-height-default elementor-section-height-default\" data-id=\"2f440bc\" data-element_type=\"section\" data-e-type=\"section\" data-settings=\"{&quot;animation&quot;:&quot;none&quot;,&quot;background_background&quot;:&quot;classic&quot;}\">\n\t\t\t\t\t\t<div class=\"elementor-container elementor-column-gap-narrow\">\n\t\t\t\t\t<div class=\"elementor-column elementor-col-25 elementor-inner-column elementor-element elementor-element-284aac9\" data-id=\"284aac9\" data-element_type=\"column\" data-e-type=\"column\">\n\t\t\t<div class=\"elementor-widget-wrap elementor-element-populated\">\n\t\t\t\t\t\t<div class=\"elementor-element elementor-element-9bed9b3 elementor-cta--layout-image-above elementor-cta--valign-middle elementor-cta--skin-classic elementor-animated-content elementor-bg-transform elementor-bg-transform-zoom-in elementor-widget elementor-widget-call-to-action\" data-id=\"9bed9b3\" data-element_type=\"widget\" data-e-type=\"widget\" data-widget_type=\"call-to-action.default\">\n\t\t\t\t\t\t\t<div class=\"elementor-cta\">\n\t\t\t\t\t<div class=\"elementor-cta__bg-wrapper\">\n\t\t\t\t<div class=\"elementor-cta__bg elementor-bg\" style=\"background-image: url(https:\/\/www.cadorospa.it\/wp-content\/uploads\/2024\/05\/pulsante-1024x1024.jpeg);\" role=\"img\" aria-label=\"pulsante\"><\/div>\n\t\t\t\t<div class=\"elementor-cta__bg-overlay\"><\/div>\n\t\t\t<\/div>\n\t\t\t\t\t\t\t<div class=\"elementor-cta__content\">\n\t\t\t\t\n\t\t\t\t\t\t\t\t\t<h2 class=\"elementor-cta__title elementor-cta__content-item elementor-content-item\">\n\t\t\t\t\t\tNeue Artikel\t\t\t\t\t<\/h2>\n\t\t\t\t\n\t\t\t\t\n\t\t\t\t\t\t\t\t\t<div class=\"elementor-cta__button-wrapper elementor-cta__content-item elementor-content-item \">\n\t\t\t\t\t<a class=\"elementor-cta__button elementor-button elementor-size-md\" href=\"https:\/\/www.cadorospa.it\/de\/neue-artikel\/\">\n\t\t\t\t\t\tZUM SHOWROOM\t\t\t\t\t<\/a>\n\t\t\t\t\t<\/div>\n\t\t\t\t\t\t\t<\/div>\n\t\t\t\t\t\t<\/div>\n\t\t\t\t\t\t<\/div>\n\t\t\t\t\t<\/div>\n\t\t<\/div>\n\t\t\t\t<div class=\"elementor-column elementor-col-25 elementor-inner-column elementor-element elementor-element-a96dbe3\" data-id=\"a96dbe3\" data-element_type=\"column\" data-e-type=\"column\">\n\t\t\t<div class=\"elementor-widget-wrap elementor-element-populated\">\n\t\t\t\t\t\t<div class=\"elementor-element elementor-element-e187fda elementor-cta--layout-image-above elementor-cta--valign-middle elementor-cta--skin-classic elementor-animated-content elementor-bg-transform elementor-bg-transform-zoom-in elementor-widget elementor-widget-call-to-action\" data-id=\"e187fda\" data-element_type=\"widget\" data-e-type=\"widget\" data-widget_type=\"call-to-action.default\">\n\t\t\t\t\t\t\t<div class=\"elementor-cta\">\n\t\t\t\t\t<div class=\"elementor-cta__bg-wrapper\">\n\t\t\t\t<div class=\"elementor-cta__bg elementor-bg\" style=\"background-image: url(https:\/\/www.cadorospa.it\/wp-content\/uploads\/2023\/11\/infinity-brown-1.jpeg);\" role=\"img\" aria-label=\"infinity-brown (1)\"><\/div>\n\t\t\t\t<div class=\"elementor-cta__bg-overlay\"><\/div>\n\t\t\t<\/div>\n\t\t\t\t\t\t\t<div class=\"elementor-cta__content\">\n\t\t\t\t\n\t\t\t\t\t\t\t\t\t<h2 class=\"elementor-cta__title elementor-cta__content-item elementor-content-item\">\n\t\t\t\t\t\tGRANIT UND QUARZIT\t\t\t\t\t<\/h2>\n\t\t\t\t\n\t\t\t\t\n\t\t\t\t\t\t\t\t\t<div class=\"elementor-cta__button-wrapper elementor-cta__content-item elementor-content-item \">\n\t\t\t\t\t<a class=\"elementor-cta__button elementor-button elementor-size-md\" href=\"https:\/\/warehouse.cadorospa.it\/de\/?mattype=G&#038;_gl=1*665af0*_gcl_au*MjcyNzMxMjMwLjE3MjQ3NTMzMDU.*_ga*MTk5MzE0NzczNy4xNjkwMjk0OTU0*_ga_J10FQ3HV5M*MTczMTQwNzQ2NC4xMTAuMS4xNzMxNDA3NDY4LjAuMC42Mzg2MzIzMjA.\" target=\"_blank\">\n\t\t\t\t\t\tZUM SHOWROOM\t\t\t\t\t<\/a>\n\t\t\t\t\t<\/div>\n\t\t\t\t\t\t\t<\/div>\n\t\t\t\t\t\t<\/div>\n\t\t\t\t\t\t<\/div>\n\t\t\t\t\t<\/div>\n\t\t<\/div>\n\t\t\t\t<div class=\"elementor-column elementor-col-25 elementor-inner-column elementor-element elementor-element-727dfe7\" data-id=\"727dfe7\" data-element_type=\"column\" data-e-type=\"column\">\n\t\t\t<div class=\"elementor-widget-wrap elementor-element-populated\">\n\t\t\t\t\t\t<div class=\"elementor-element elementor-element-0b40213 elementor-cta--layout-image-above elementor-cta--valign-middle elementor-cta--skin-classic elementor-animated-content elementor-bg-transform elementor-bg-transform-zoom-in elementor-widget elementor-widget-call-to-action\" data-id=\"0b40213\" data-element_type=\"widget\" data-e-type=\"widget\" data-widget_type=\"call-to-action.default\">\n\t\t\t\t\t\t\t<div class=\"elementor-cta\">\n\t\t\t\t\t<div class=\"elementor-cta__bg-wrapper\">\n\t\t\t\t<div class=\"elementor-cta__bg elementor-bg\" style=\"background-image: url(https:\/\/www.cadorospa.it\/wp-content\/uploads\/2023\/11\/calacatta-1.jpeg);\" role=\"img\" aria-label=\"calacatta (1)\"><\/div>\n\t\t\t\t<div class=\"elementor-cta__bg-overlay\"><\/div>\n\t\t\t<\/div>\n\t\t\t\t\t\t\t<div class=\"elementor-cta__content\">\n\t\t\t\t\n\t\t\t\t\t\t\t\t\t<h2 class=\"elementor-cta__title elementor-cta__content-item elementor-content-item\">\n\t\t\t\t\t\tMARMOR UND TRAVERTIN\t\t\t\t\t<\/h2>\n\t\t\t\t\n\t\t\t\t\n\t\t\t\t\t\t\t\t\t<div class=\"elementor-cta__button-wrapper elementor-cta__content-item elementor-content-item \">\n\t\t\t\t\t<a class=\"elementor-cta__button elementor-button elementor-size-md\" href=\"https:\/\/warehouse.cadorospa.it\/de\/?mattype=M&#038;_gl=1*hnepuo*_gcl_au*MjcyNzMxMjMwLjE3MjQ3NTMzMDU.*_ga*MTk5MzE0NzczNy4xNjkwMjk0OTU0*_ga_J10FQ3HV5M*MTczMTQwNzQ2NC4xMTAuMS4xNzMxNDA3NDc5LjAuMC42Mzg2MzIzMjA.\" target=\"_blank\">\n\t\t\t\t\t\tZUM SHOWROOM\t\t\t\t\t<\/a>\n\t\t\t\t\t<\/div>\n\t\t\t\t\t\t\t<\/div>\n\t\t\t\t\t\t<\/div>\n\t\t\t\t\t\t<\/div>\n\t\t\t\t\t<\/div>\n\t\t<\/div>\n\t\t\t\t<div class=\"elementor-column elementor-col-25 elementor-inner-column elementor-element elementor-element-dd53234\" data-id=\"dd53234\" data-element_type=\"column\" data-e-type=\"column\">\n\t\t\t<div class=\"elementor-widget-wrap elementor-element-populated\">\n\t\t\t\t\t\t<div class=\"elementor-element elementor-element-61b9776 elementor-cta--layout-image-above elementor-cta--valign-middle elementor-cta--skin-classic elementor-animated-content elementor-bg-transform elementor-bg-transform-zoom-in elementor-widget elementor-widget-call-to-action\" data-id=\"61b9776\" data-element_type=\"widget\" data-e-type=\"widget\" data-widget_type=\"call-to-action.default\">\n\t\t\t\t\t\t\t<div class=\"elementor-cta\">\n\t\t\t\t\t<div class=\"elementor-cta__bg-wrapper\">\n\t\t\t\t<div class=\"elementor-cta__bg elementor-bg\" style=\"background-image: url(https:\/\/www.cadorospa.it\/wp-content\/uploads\/2023\/11\/Agglo-BOTTICINO-1.jpeg);\" role=\"img\" aria-label=\"Agglo-BOTTICINO (1)\"><\/div>\n\t\t\t\t<div class=\"elementor-cta__bg-overlay\"><\/div>\n\t\t\t<\/div>\n\t\t\t\t\t\t\t<div class=\"elementor-cta__content\">\n\t\t\t\t\n\t\t\t\t\t\t\t\t\t<h2 class=\"elementor-cta__title elementor-cta__content-item elementor-content-item\">\n\t\t\t\t\t\tAGGLO MARMOR\t\t\t\t\t<\/h2>\n\t\t\t\t\n\t\t\t\t\n\t\t\t\t\t\t\t\t\t<div class=\"elementor-cta__button-wrapper elementor-cta__content-item elementor-content-item \">\n\t\t\t\t\t<a class=\"elementor-cta__button elementor-button elementor-size-md\" href=\"https:\/\/warehouse.cadorospa.it\/de\/?mattype=A&#038;_gl=1*1udi9fc*_gcl_au*MjcyNzMxMjMwLjE3MjQ3NTMzMDU.*_ga*MTk5MzE0NzczNy4xNjkwMjk0OTU0*_ga_J10FQ3HV5M*MTczMTQwNzQ2NC4xMTAuMS4xNzMxNDA3NDk2LjAuMC42Mzg2MzIzMjA.\" target=\"_blank\">\n\t\t\t\t\t\tZUM SHOWROOM\t\t\t\t\t<\/a>\n\t\t\t\t\t<\/div>\n\t\t\t\t\t\t\t<\/div>\n\t\t\t\t\t\t<\/div>\n\t\t\t\t\t\t<\/div>\n\t\t\t\t\t<\/div>\n\t\t<\/div>\n\t\t\t\t\t<\/div>\n\t\t<\/section>\n\t\t\t\t<\/div>\n\t\t","protected":false},"excerpt":{"rendered":"<p>ONLINE LAGER EFFIZIENTER SERVICE, UNSER ENGAGEMENT TAUSENDE NATURSTEINE IM ANGEBOT In unseren Lagerst\u00e4tten steht eine breite Auswahl an Natursteinen aus aller Welt als Platten mit unterschiedlichen Finishes zur Verf\u00fcgung. Unser Lager ist auch online abrufbar, damit wir unseren Kunden die M\u00f6glichkeit bieten k\u00f6nnen, durch unseren Katalog zu st\u00f6bern. Unser Team bearbeitet die Bestellungen schnell und [&hellip;]<\/p>\n","protected":false},"author":1,"featured_media":0,"parent":0,"menu_order":0,"comment_status":"closed","ping_status":"closed","template":"elementor_header_footer","meta":{"footnotes":""},"class_list":["post-5461","page","type-page","status-publish","hentry"],"yoast_head":"<!-- This site is optimized with the Yoast SEO plugin v27.5 - https:\/\/yoast.com\/product\/yoast-seo-wordpress\/ -->\n<title>ONLINE LAGER - Ca&#039; D&#039;ORO Spa - Lieferant von Marmor und Granit f\u00fcr Unternehmen<\/title>\n<meta name=\"robots\" content=\"index, follow, max-snippet:-1, max-image-preview:large, max-video-preview:-1\" \/>\n<link rel=\"canonical\" href=\"https:\/\/www.cadorospa.it\/de\/online-lager\/\" \/>\n<meta property=\"og:locale\" content=\"de_DE\" \/>\n<meta property=\"og:type\" content=\"article\" \/>\n<meta property=\"og:title\" content=\"ONLINE LAGER - Ca&#039; D&#039;ORO Spa - Lieferant von Marmor und Granit f\u00fcr Unternehmen\" \/>\n<meta property=\"og:description\" content=\"ONLINE LAGER EFFIZIENTER SERVICE, UNSER ENGAGEMENT TAUSENDE NATURSTEINE IM ANGEBOT In unseren Lagerst\u00e4tten steht eine breite Auswahl an Natursteinen aus aller Welt als Platten mit unterschiedlichen Finishes zur Verf\u00fcgung. Unser Lager ist auch online abrufbar, damit wir unseren Kunden die M\u00f6glichkeit bieten k\u00f6nnen, durch unseren Katalog zu st\u00f6bern. Unser Team bearbeitet die Bestellungen schnell und [&hellip;]\" \/>\n<meta property=\"og:url\" content=\"https:\/\/www.cadorospa.it\/de\/online-lager\/\" \/>\n<meta property=\"og:site_name\" content=\"Ca&#039; D&#039;ORO Spa - Lieferant von Marmor und Granit f\u00fcr Unternehmen\" \/>\n<meta property=\"article:modified_time\" content=\"2025-05-07T08:00:17+00:00\" \/>\n<meta name=\"twitter:card\" content=\"summary_large_image\" \/>\n<meta name=\"twitter:label1\" content=\"Gesch\u00e4tzte Lesezeit\" \/>\n\t<meta name=\"twitter:data1\" content=\"1\u00a0Minute\" \/>\n<script type=\"application\/ld+json\" class=\"yoast-schema-graph\">{\"@context\":\"https:\\\/\\\/schema.org\",\"@graph\":[{\"@type\":\"WebPage\",\"@id\":\"https:\\\/\\\/www.cadorospa.it\\\/de\\\/online-lager\\\/\",\"url\":\"https:\\\/\\\/www.cadorospa.it\\\/de\\\/online-lager\\\/\",\"name\":\"ONLINE LAGER - Ca' D'ORO Spa - Lieferant von Marmor und Granit f\u00fcr Unternehmen\",\"isPartOf\":{\"@id\":\"https:\\\/\\\/www.cadorospa.it\\\/de\\\/#website\"},\"datePublished\":\"2023-11-28T10:31:26+00:00\",\"dateModified\":\"2025-05-07T08:00:17+00:00\",\"breadcrumb\":{\"@id\":\"https:\\\/\\\/www.cadorospa.it\\\/de\\\/online-lager\\\/#breadcrumb\"},\"inLanguage\":\"de\",\"potentialAction\":[{\"@type\":\"ReadAction\",\"target\":[\"https:\\\/\\\/www.cadorospa.it\\\/de\\\/online-lager\\\/\"]}]},{\"@type\":\"BreadcrumbList\",\"@id\":\"https:\\\/\\\/www.cadorospa.it\\\/de\\\/online-lager\\\/#breadcrumb\",\"itemListElement\":[{\"@type\":\"ListItem\",\"position\":1,\"name\":\"Home\",\"item\":\"https:\\\/\\\/www.cadorospa.it\\\/de\\\/\"},{\"@type\":\"ListItem\",\"position\":2,\"name\":\"ONLINE LAGER\"}]},{\"@type\":\"WebSite\",\"@id\":\"https:\\\/\\\/www.cadorospa.it\\\/de\\\/#website\",\"url\":\"https:\\\/\\\/www.cadorospa.it\\\/de\\\/\",\"name\":\"Ca' D'oro spa\",\"description\":\"Qualit\u00e4t und Innovation in der Lieferung von Marmor und Granit f\u00fcr Unternehmen\",\"publisher\":{\"@id\":\"https:\\\/\\\/www.cadorospa.it\\\/de\\\/#organization\"},\"potentialAction\":[{\"@type\":\"SearchAction\",\"target\":{\"@type\":\"EntryPoint\",\"urlTemplate\":\"https:\\\/\\\/www.cadorospa.it\\\/de\\\/?s={search_term_string}\"},\"query-input\":{\"@type\":\"PropertyValueSpecification\",\"valueRequired\":true,\"valueName\":\"search_term_string\"}}],\"inLanguage\":\"de\"},{\"@type\":\"Organization\",\"@id\":\"https:\\\/\\\/www.cadorospa.it\\\/de\\\/#organization\",\"name\":\"Ca' D'oro spa\",\"url\":\"https:\\\/\\\/www.cadorospa.it\\\/de\\\/\",\"logo\":{\"@type\":\"ImageObject\",\"inLanguage\":\"de\",\"@id\":\"https:\\\/\\\/www.cadorospa.it\\\/de\\\/#\\\/schema\\\/logo\\\/image\\\/\",\"url\":\"https:\\\/\\\/www.cadorospa.it\\\/wp-content\\\/uploads\\\/2023\\\/10\\\/logo-ca-doro.png\",\"contentUrl\":\"https:\\\/\\\/www.cadorospa.it\\\/wp-content\\\/uploads\\\/2023\\\/10\\\/logo-ca-doro.png\",\"width\":2329,\"height\":570,\"caption\":\"Ca' D'oro spa\"},\"image\":{\"@id\":\"https:\\\/\\\/www.cadorospa.it\\\/de\\\/#\\\/schema\\\/logo\\\/image\\\/\"},\"sameAs\":[\"https:\\\/\\\/www.instagram.com\\\/cadoro_spa\\\/\",\"https:\\\/\\\/www.linkedin.com\\\/company\\\/ca-d-oro-spa\\\/\"]}]}<\/script>\n<!-- \/ Yoast SEO plugin. -->","yoast_head_json":{"title":"ONLINE LAGER - Ca' D'ORO Spa - Lieferant von Marmor und Granit f\u00fcr Unternehmen","robots":{"index":"index","follow":"follow","max-snippet":"max-snippet:-1","max-image-preview":"max-image-preview:large","max-video-preview":"max-video-preview:-1"},"canonical":"https:\/\/www.cadorospa.it\/de\/online-lager\/","og_locale":"de_DE","og_type":"article","og_title":"ONLINE LAGER - Ca' D'ORO Spa - Lieferant von Marmor und Granit f\u00fcr Unternehmen","og_description":"ONLINE LAGER EFFIZIENTER SERVICE, UNSER ENGAGEMENT TAUSENDE NATURSTEINE IM ANGEBOT In unseren Lagerst\u00e4tten steht eine breite Auswahl an Natursteinen aus aller Welt als Platten mit unterschiedlichen Finishes zur Verf\u00fcgung. Unser Lager ist auch online abrufbar, damit wir unseren Kunden die M\u00f6glichkeit bieten k\u00f6nnen, durch unseren Katalog zu st\u00f6bern. Unser Team bearbeitet die Bestellungen schnell und [&hellip;]","og_url":"https:\/\/www.cadorospa.it\/de\/online-lager\/","og_site_name":"Ca' D'ORO Spa - Lieferant von Marmor und Granit f\u00fcr Unternehmen","article_modified_time":"2025-05-07T08:00:17+00:00","twitter_card":"summary_large_image","twitter_misc":{"Gesch\u00e4tzte Lesezeit":"1\u00a0Minute"},"schema":{"@context":"https:\/\/schema.org","@graph":[{"@type":"WebPage","@id":"https:\/\/www.cadorospa.it\/de\/online-lager\/","url":"https:\/\/www.cadorospa.it\/de\/online-lager\/","name":"ONLINE LAGER - Ca' D'ORO Spa - Lieferant von Marmor und Granit f\u00fcr Unternehmen","isPartOf":{"@id":"https:\/\/www.cadorospa.it\/de\/#website"},"datePublished":"2023-11-28T10:31:26+00:00","dateModified":"2025-05-07T08:00:17+00:00","breadcrumb":{"@id":"https:\/\/www.cadorospa.it\/de\/online-lager\/#breadcrumb"},"inLanguage":"de","potentialAction":[{"@type":"ReadAction","target":["https:\/\/www.cadorospa.it\/de\/online-lager\/"]}]},{"@type":"BreadcrumbList","@id":"https:\/\/www.cadorospa.it\/de\/online-lager\/#breadcrumb","itemListElement":[{"@type":"ListItem","position":1,"name":"Home","item":"https:\/\/www.cadorospa.it\/de\/"},{"@type":"ListItem","position":2,"name":"ONLINE LAGER"}]},{"@type":"WebSite","@id":"https:\/\/www.cadorospa.it\/de\/#website","url":"https:\/\/www.cadorospa.it\/de\/","name":"Ca' D'oro spa","description":"Qualit\u00e4t und Innovation in der Lieferung von Marmor und Granit f\u00fcr Unternehmen","publisher":{"@id":"https:\/\/www.cadorospa.it\/de\/#organization"},"potentialAction":[{"@type":"SearchAction","target":{"@type":"EntryPoint","urlTemplate":"https:\/\/www.cadorospa.it\/de\/?s={search_term_string}"},"query-input":{"@type":"PropertyValueSpecification","valueRequired":true,"valueName":"search_term_string"}}],"inLanguage":"de"},{"@type":"Organization","@id":"https:\/\/www.cadorospa.it\/de\/#organization","name":"Ca' D'oro spa","url":"https:\/\/www.cadorospa.it\/de\/","logo":{"@type":"ImageObject","inLanguage":"de","@id":"https:\/\/www.cadorospa.it\/de\/#\/schema\/logo\/image\/","url":"https:\/\/www.cadorospa.it\/wp-content\/uploads\/2023\/10\/logo-ca-doro.png","contentUrl":"https:\/\/www.cadorospa.it\/wp-content\/uploads\/2023\/10\/logo-ca-doro.png","width":2329,"height":570,"caption":"Ca' D'oro spa"},"image":{"@id":"https:\/\/www.cadorospa.it\/de\/#\/schema\/logo\/image\/"},"sameAs":["https:\/\/www.instagram.com\/cadoro_spa\/","https:\/\/www.linkedin.com\/company\/ca-d-oro-spa\/"]}]}},"_links":{"self":[{"href":"https:\/\/www.cadorospa.it\/de\/wp-json\/wp\/v2\/pages\/5461","targetHints":{"allow":["GET"]}}],"collection":[{"href":"https:\/\/www.cadorospa.it\/de\/wp-json\/wp\/v2\/pages"}],"about":[{"href":"https:\/\/www.cadorospa.it\/de\/wp-json\/wp\/v2\/types\/page"}],"author":[{"embeddable":true,"href":"https:\/\/www.cadorospa.it\/de\/wp-json\/wp\/v2\/users\/1"}],"replies":[{"embeddable":true,"href":"https:\/\/www.cadorospa.it\/de\/wp-json\/wp\/v2\/comments?post=5461"}],"version-history":[{"count":0,"href":"https:\/\/www.cadorospa.it\/de\/wp-json\/wp\/v2\/pages\/5461\/revisions"}],"wp:attachment":[{"href":"https:\/\/www.cadorospa.it\/de\/wp-json\/wp\/v2\/media?parent=5461"}],"curies":[{"name":"wp","href":"https:\/\/api.w.org\/{rel}","templated":true}]}}