{"id":4669,"date":"2023-11-28T10:31:26","date_gmt":"2023-11-28T10:31:26","guid":{"rendered":"https:\/\/dev.treativa.it\/bozze\/cadoro\/entrepot-en-ligne\/"},"modified":"2025-05-07T08:08:20","modified_gmt":"2025-05-07T08:08:20","slug":"entrepot-en-ligne","status":"publish","type":"page","link":"https:\/\/www.cadorospa.it\/fr\/entrepot-en-ligne\/","title":{"rendered":"ENTREPOT EN LIGNE"},"content":{"rendered":"\t\t<div data-elementor-type=\"wp-page\" data-elementor-id=\"4669\" class=\"elementor elementor-4669 elementor-888\" data-elementor-post-type=\"page\">\n\t\t\t\t\t\t<section class=\"elementor-section elementor-top-section elementor-element elementor-element-b410d2b elementor-section-height-min-height elementor-section-boxed elementor-section-height-default elementor-section-items-middle\" data-id=\"b410d2b\" data-element_type=\"section\" data-e-type=\"section\" data-settings=\"{&quot;background_background&quot;:&quot;classic&quot;}\">\n\t\t\t\t\t\t\t<div class=\"elementor-background-overlay\"><\/div>\n\t\t\t\t\t\t\t<div class=\"elementor-container elementor-column-gap-no\">\n\t\t\t\t\t<div class=\"elementor-column elementor-col-100 elementor-top-column elementor-element elementor-element-6b79d745\" data-id=\"6b79d745\" data-element_type=\"column\" data-e-type=\"column\">\n\t\t\t<div class=\"elementor-widget-wrap elementor-element-populated\">\n\t\t\t\t\t\t<div class=\"elementor-element elementor-element-42c4f7d3 elementor-widget elementor-widget-qi_addons_for_elementor_section_title\" data-id=\"42c4f7d3\" data-element_type=\"widget\" data-e-type=\"widget\" data-widget_type=\"qi_addons_for_elementor_section_title.default\">\n\t\t\t\t<div class=\"elementor-widget-container\">\n\t\t\t\t\t<div class=\"qodef-shortcode qodef-m qodef-qi-section-title qodef-decoration--underline qodef-link--underline-draw qodef-subtitle-icon--left\">\n\t\t\t<h1 class=\"qodef-m-title\">\n\t\t<span class=\"qodef-e-colored\">ENTREPOT<\/span> EN LIGNE\t<\/h1>\n\t\t\t\t<h3 class=\"qodef-m-subtitle\">\n\t\tUN SERVICE EFFICACE, NOTRE ENGAGEMENT\t\t\t<\/h3>\n\t\t\t<\/div>\n\t\t\t\t<\/div>\n\t\t\t\t<\/div>\n\t\t\t\t\t<\/div>\n\t\t<\/div>\n\t\t\t\t\t<\/div>\n\t\t<\/section>\n\t\t\t\t<section class=\"elementor-section elementor-top-section elementor-element elementor-element-5af200df elementor-section-boxed elementor-section-height-default elementor-section-height-default\" data-id=\"5af200df\" data-element_type=\"section\" data-e-type=\"section\" data-settings=\"{&quot;background_background&quot;:&quot;classic&quot;}\">\n\t\t\t\t\t\t<div class=\"elementor-container elementor-column-gap-no\">\n\t\t\t\t\t<div class=\"elementor-column elementor-col-100 elementor-top-column elementor-element elementor-element-33704bd\" data-id=\"33704bd\" data-element_type=\"column\" data-e-type=\"column\">\n\t\t\t<div class=\"elementor-widget-wrap elementor-element-populated\">\n\t\t\t\t\t\t<div class=\"elementor-element elementor-element-5270aa9d elementor-invisible elementor-widget elementor-widget-qi_addons_for_elementor_section_title\" data-id=\"5270aa9d\" data-element_type=\"widget\" data-e-type=\"widget\" data-settings=\"{&quot;_animation&quot;:&quot;fadeInDown&quot;}\" data-widget_type=\"qi_addons_for_elementor_section_title.default\">\n\t\t\t\t<div class=\"elementor-widget-container\">\n\t\t\t\t\t<div class=\"qodef-shortcode qodef-m qodef-qi-section-title qodef-decoration--underline qodef-link--underline-draw qodef-subtitle-icon--left\">\n\t\t\t\t\t\t<h2 class=\"qodef-m-title\">\n\t\t<span class=\"qodef-e-colored\">DES<\/span> MILLIERS <span class=\"qodef-e-colored\">DE<\/span> <span class=\"qodef-e-colored\">PIERRES<\/span> NATURELLES DISPONIBLES\t<\/h2>\n\t\t\t<\/div>\n\t\t\t\t<\/div>\n\t\t\t\t<\/div>\n\t\t\t\t<div class=\"elementor-element elementor-element-7abbab7 elementor-invisible elementor-widget elementor-widget-text-editor\" data-id=\"7abbab7\" data-element_type=\"widget\" data-e-type=\"widget\" data-settings=\"{&quot;_animation&quot;:&quot;fadeInDown&quot;}\" data-widget_type=\"text-editor.default\">\n\t\t\t\t\t\t\t\t\t<p class=\"p1\">Une large s\u00e9lection de pierres naturelles du monde entier, en dalles de diff\u00e9rentes finitions, est disponible dans notre entrep\u00f4t. Notre entrep\u00f4t est \u00e9galement accessible en ligne afin d&rsquo;offrir \u00e0 nos clients la possibilit\u00e9 d&rsquo;explorer notre catalogue. Notre \u00e9quipe traite les commandes avec rapidit\u00e9 et efficacit\u00e9 et les produits sont livr\u00e9s \u00e0 temps pour vous offrir le meilleur service possible. Demandez des informations sur les produits qui vous int\u00e9ressent le plus, nous pouvons r\u00e9pondre \u00e0 toutes sortes de demandes.<\/p>\n\t\t\t\t\t\t\t\t<\/div>\n\t\t\t\t\t<\/div>\n\t\t<\/div>\n\t\t\t\t\t<\/div>\n\t\t<\/section>\n\t\t\t\t<section class=\"elementor-section elementor-inner-section elementor-element elementor-element-2f440bc elementor-section-full_width elementor-section-height-default elementor-section-height-default\" data-id=\"2f440bc\" data-element_type=\"section\" data-e-type=\"section\" data-settings=\"{&quot;animation&quot;:&quot;none&quot;,&quot;background_background&quot;:&quot;classic&quot;}\">\n\t\t\t\t\t\t<div class=\"elementor-container elementor-column-gap-narrow\">\n\t\t\t\t\t<div class=\"elementor-column elementor-col-25 elementor-inner-column elementor-element elementor-element-284aac9\" data-id=\"284aac9\" data-element_type=\"column\" data-e-type=\"column\">\n\t\t\t<div class=\"elementor-widget-wrap elementor-element-populated\">\n\t\t\t\t\t\t<div class=\"elementor-element elementor-element-9bed9b3 elementor-cta--layout-image-above elementor-cta--valign-middle elementor-cta--skin-classic elementor-animated-content elementor-bg-transform elementor-bg-transform-zoom-in elementor-widget elementor-widget-call-to-action\" data-id=\"9bed9b3\" data-element_type=\"widget\" data-e-type=\"widget\" data-widget_type=\"call-to-action.default\">\n\t\t\t\t\t\t\t<div class=\"elementor-cta\">\n\t\t\t\t\t<div class=\"elementor-cta__bg-wrapper\">\n\t\t\t\t<div class=\"elementor-cta__bg elementor-bg\" style=\"background-image: url(https:\/\/www.cadorospa.it\/wp-content\/uploads\/2024\/05\/pulsante-1024x1024.jpeg);\" role=\"img\" aria-label=\"pulsante\"><\/div>\n\t\t\t\t<div class=\"elementor-cta__bg-overlay\"><\/div>\n\t\t\t<\/div>\n\t\t\t\t\t\t\t<div class=\"elementor-cta__content\">\n\t\t\t\t\n\t\t\t\t\t\t\t\t\t<h2 class=\"elementor-cta__title elementor-cta__content-item elementor-content-item\">\n\t\t\t\t\t\tNouveaut\u00e9s\t\t\t\t\t<\/h2>\n\t\t\t\t\n\t\t\t\t\n\t\t\t\t\t\t\t\t\t<div class=\"elementor-cta__button-wrapper elementor-cta__content-item elementor-content-item \">\n\t\t\t\t\t<a class=\"elementor-cta__button elementor-button elementor-size-md\" href=\"https:\/\/www.cadorospa.it\/fr\/nouveautes\/\">\n\t\t\t\t\t\tALLER A L'ENTREPOT\t\t\t\t\t<\/a>\n\t\t\t\t\t<\/div>\n\t\t\t\t\t\t\t<\/div>\n\t\t\t\t\t\t<\/div>\n\t\t\t\t\t\t<\/div>\n\t\t\t\t\t<\/div>\n\t\t<\/div>\n\t\t\t\t<div class=\"elementor-column elementor-col-25 elementor-inner-column elementor-element elementor-element-a96dbe3\" data-id=\"a96dbe3\" data-element_type=\"column\" data-e-type=\"column\">\n\t\t\t<div class=\"elementor-widget-wrap elementor-element-populated\">\n\t\t\t\t\t\t<div class=\"elementor-element elementor-element-e187fda elementor-cta--layout-image-above elementor-cta--valign-middle elementor-cta--skin-classic elementor-animated-content elementor-bg-transform elementor-bg-transform-zoom-in elementor-widget elementor-widget-call-to-action\" data-id=\"e187fda\" data-element_type=\"widget\" data-e-type=\"widget\" data-widget_type=\"call-to-action.default\">\n\t\t\t\t\t\t\t<div class=\"elementor-cta\">\n\t\t\t\t\t<div class=\"elementor-cta__bg-wrapper\">\n\t\t\t\t<div class=\"elementor-cta__bg elementor-bg\" style=\"background-image: url(https:\/\/www.cadorospa.it\/wp-content\/uploads\/2023\/11\/infinity-brown-1.jpeg);\" role=\"img\" aria-label=\"infinity-brown (1)\"><\/div>\n\t\t\t\t<div class=\"elementor-cta__bg-overlay\"><\/div>\n\t\t\t<\/div>\n\t\t\t\t\t\t\t<div class=\"elementor-cta__content\">\n\t\t\t\t\n\t\t\t\t\t\t\t\t\t<h2 class=\"elementor-cta__title elementor-cta__content-item elementor-content-item\">\n\t\t\t\t\t\tGRANIT ET QUARTZITE\t\t\t\t\t<\/h2>\n\t\t\t\t\n\t\t\t\t\n\t\t\t\t\t\t\t\t\t<div class=\"elementor-cta__button-wrapper elementor-cta__content-item elementor-content-item \">\n\t\t\t\t\t<a class=\"elementor-cta__button elementor-button elementor-size-md\" href=\"https:\/\/warehouse.cadorospa.it\/en\/?mattype=G&#038;_gl=1*fudrkx*_gcl_au*MjcyNzMxMjMwLjE3MjQ3NTMzMDU.*_ga*MTk5MzE0NzczNy4xNjkwMjk0OTU0*_ga_J10FQ3HV5M*MTcyNDc2MTAwNy4xMDcuMS4xNzI0NzYxMDQwLjAuMC4xNjU1OTU.\" target=\"_blank\">\n\t\t\t\t\t\tALLER A L'ENTREPOT\t\t\t\t\t<\/a>\n\t\t\t\t\t<\/div>\n\t\t\t\t\t\t\t<\/div>\n\t\t\t\t\t\t<\/div>\n\t\t\t\t\t\t<\/div>\n\t\t\t\t\t<\/div>\n\t\t<\/div>\n\t\t\t\t<div class=\"elementor-column elementor-col-25 elementor-inner-column elementor-element elementor-element-727dfe7\" data-id=\"727dfe7\" data-element_type=\"column\" data-e-type=\"column\">\n\t\t\t<div class=\"elementor-widget-wrap elementor-element-populated\">\n\t\t\t\t\t\t<div class=\"elementor-element elementor-element-0b40213 elementor-cta--layout-image-above elementor-cta--valign-middle elementor-cta--skin-classic elementor-animated-content elementor-bg-transform elementor-bg-transform-zoom-in elementor-widget elementor-widget-call-to-action\" data-id=\"0b40213\" data-element_type=\"widget\" data-e-type=\"widget\" data-widget_type=\"call-to-action.default\">\n\t\t\t\t\t\t\t<div class=\"elementor-cta\">\n\t\t\t\t\t<div class=\"elementor-cta__bg-wrapper\">\n\t\t\t\t<div class=\"elementor-cta__bg elementor-bg\" style=\"background-image: url(https:\/\/www.cadorospa.it\/wp-content\/uploads\/2023\/11\/calacatta-1.jpeg);\" role=\"img\" aria-label=\"calacatta (1)\"><\/div>\n\t\t\t\t<div class=\"elementor-cta__bg-overlay\"><\/div>\n\t\t\t<\/div>\n\t\t\t\t\t\t\t<div class=\"elementor-cta__content\">\n\t\t\t\t\n\t\t\t\t\t\t\t\t\t<h2 class=\"elementor-cta__title elementor-cta__content-item elementor-content-item\">\n\t\t\t\t\t\tMARBRE ET TRAVERTIN\t\t\t\t\t<\/h2>\n\t\t\t\t\n\t\t\t\t\n\t\t\t\t\t\t\t\t\t<div class=\"elementor-cta__button-wrapper elementor-cta__content-item elementor-content-item \">\n\t\t\t\t\t<a class=\"elementor-cta__button elementor-button elementor-size-md\" href=\"https:\/\/warehouse.cadorospa.it\/en\/?mattype=M&#038;_gl=1*7yl2*_gcl_au*MjcyNzMxMjMwLjE3MjQ3NTMzMDU.*_ga*MTk5MzE0NzczNy4xNjkwMjk0OTU0*_ga_J10FQ3HV5M*MTcyNDc2MTAwNy4xMDcuMS4xNzI0NzYxMDY3LjAuMC4xNjU1OTU.\" target=\"_blank\">\n\t\t\t\t\t\tALLER A L'ENTREPOT\t\t\t\t\t<\/a>\n\t\t\t\t\t<\/div>\n\t\t\t\t\t\t\t<\/div>\n\t\t\t\t\t\t<\/div>\n\t\t\t\t\t\t<\/div>\n\t\t\t\t\t<\/div>\n\t\t<\/div>\n\t\t\t\t<div class=\"elementor-column elementor-col-25 elementor-inner-column elementor-element elementor-element-dd53234\" data-id=\"dd53234\" data-element_type=\"column\" data-e-type=\"column\">\n\t\t\t<div class=\"elementor-widget-wrap elementor-element-populated\">\n\t\t\t\t\t\t<div class=\"elementor-element elementor-element-61b9776 elementor-cta--layout-image-above elementor-cta--valign-middle elementor-cta--skin-classic elementor-animated-content elementor-bg-transform elementor-bg-transform-zoom-in elementor-widget elementor-widget-call-to-action\" data-id=\"61b9776\" data-element_type=\"widget\" data-e-type=\"widget\" data-widget_type=\"call-to-action.default\">\n\t\t\t\t\t\t\t<div class=\"elementor-cta\">\n\t\t\t\t\t<div class=\"elementor-cta__bg-wrapper\">\n\t\t\t\t<div class=\"elementor-cta__bg elementor-bg\" style=\"background-image: url(https:\/\/www.cadorospa.it\/wp-content\/uploads\/2023\/11\/Agglo-BOTTICINO-1.jpeg);\" role=\"img\" aria-label=\"Agglo-BOTTICINO (1)\"><\/div>\n\t\t\t\t<div class=\"elementor-cta__bg-overlay\"><\/div>\n\t\t\t<\/div>\n\t\t\t\t\t\t\t<div class=\"elementor-cta__content\">\n\t\t\t\t\n\t\t\t\t\t\t\t\t\t<h2 class=\"elementor-cta__title elementor-cta__content-item elementor-content-item\">\n\t\t\t\t\t\tCONGLOMERAT\t\t\t\t\t<\/h2>\n\t\t\t\t\n\t\t\t\t\n\t\t\t\t\t\t\t\t\t<div class=\"elementor-cta__button-wrapper elementor-cta__content-item elementor-content-item \">\n\t\t\t\t\t<a class=\"elementor-cta__button elementor-button elementor-size-md\" href=\"https:\/\/warehouse.cadorospa.it\/en\/?mattype=A&#038;_gl=1*qt14t9*_gcl_au*MjcyNzMxMjMwLjE3MjQ3NTMzMDU.*_ga*MTk5MzE0NzczNy4xNjkwMjk0OTU0*_ga_J10FQ3HV5M*MTcyNDc2MTAwNy4xMDcuMS4xNzI0NzYxMDgzLjAuMC4xNjU1OTU.\" target=\"_blank\">\n\t\t\t\t\t\tALLER A L'ENTREPOT\t\t\t\t\t<\/a>\n\t\t\t\t\t<\/div>\n\t\t\t\t\t\t\t<\/div>\n\t\t\t\t\t\t<\/div>\n\t\t\t\t\t\t<\/div>\n\t\t\t\t\t<\/div>\n\t\t<\/div>\n\t\t\t\t\t<\/div>\n\t\t<\/section>\n\t\t\t\t<\/div>\n\t\t","protected":false},"excerpt":{"rendered":"<p>ENTREPOT EN LIGNE UN SERVICE EFFICACE, NOTRE ENGAGEMENT DES MILLIERS DE PIERRES NATURELLES DISPONIBLES Une large s\u00e9lection de pierres naturelles du monde entier, en dalles de diff\u00e9rentes finitions, est disponible dans notre entrep\u00f4t. Notre entrep\u00f4t est \u00e9galement accessible en ligne afin d&rsquo;offrir \u00e0 nos clients la possibilit\u00e9 d&rsquo;explorer notre catalogue. Notre \u00e9quipe traite les commandes [&hellip;]<\/p>\n","protected":false},"author":1,"featured_media":0,"parent":0,"menu_order":0,"comment_status":"closed","ping_status":"closed","template":"elementor_header_footer","meta":{"footnotes":""},"class_list":["post-4669","page","type-page","status-publish","hentry"],"yoast_head":"<!-- This site is optimized with the Yoast SEO plugin v27.5 - https:\/\/yoast.com\/product\/yoast-seo-wordpress\/ -->\n<title>Stock en Ligne - Ca&#039; D&#039;ORO Spa : Disponibilit\u00e9 en Temps R\u00e9el de Marbre et Granit<\/title>\n<meta name=\"description\" content=\"Acc\u00e9dez \u00e0 notre stock en ligne pour consulter en temps r\u00e9el la disponibilit\u00e9 de marbre et granit de qualit\u00e9. D\u00e9couvrez les derni\u00e8res nouveaut\u00e9s pour votre entreprise\" \/>\n<meta name=\"robots\" content=\"index, follow, max-snippet:-1, max-image-preview:large, max-video-preview:-1\" \/>\n<link rel=\"canonical\" href=\"https:\/\/www.cadorospa.it\/fr\/entrepot-en-ligne\/\" \/>\n<meta property=\"og:locale\" content=\"fr_FR\" \/>\n<meta property=\"og:type\" content=\"article\" \/>\n<meta property=\"og:title\" content=\"Stock en Ligne - Ca&#039; D&#039;ORO Spa : Disponibilit\u00e9 en Temps R\u00e9el de Marbre et Granit\" \/>\n<meta property=\"og:description\" content=\"Acc\u00e9dez \u00e0 notre stock en ligne pour consulter en temps r\u00e9el la disponibilit\u00e9 de marbre et granit de qualit\u00e9. D\u00e9couvrez les derni\u00e8res nouveaut\u00e9s pour votre entreprise\" \/>\n<meta property=\"og:url\" content=\"https:\/\/www.cadorospa.it\/fr\/entrepot-en-ligne\/\" \/>\n<meta property=\"og:site_name\" content=\"Ca&#039; D&#039;ORO Spa - Fournisseur de Marbre et Granit pour les Entreprises\" \/>\n<meta property=\"article:modified_time\" content=\"2025-05-07T08:08:20+00:00\" \/>\n<meta name=\"twitter:card\" content=\"summary_large_image\" \/>\n<meta name=\"twitter:label1\" content=\"Dur\u00e9e de lecture estim\u00e9e\" \/>\n\t<meta name=\"twitter:data1\" content=\"1 minute\" \/>\n<script type=\"application\/ld+json\" class=\"yoast-schema-graph\">{\"@context\":\"https:\\\/\\\/schema.org\",\"@graph\":[{\"@type\":\"WebPage\",\"@id\":\"https:\\\/\\\/www.cadorospa.it\\\/fr\\\/entrepot-en-ligne\\\/\",\"url\":\"https:\\\/\\\/www.cadorospa.it\\\/fr\\\/entrepot-en-ligne\\\/\",\"name\":\"Stock en Ligne - Ca' D'ORO Spa : Disponibilit\u00e9 en Temps R\u00e9el de Marbre et Granit\",\"isPartOf\":{\"@id\":\"https:\\\/\\\/www.cadorospa.it\\\/fr\\\/#website\"},\"datePublished\":\"2023-11-28T10:31:26+00:00\",\"dateModified\":\"2025-05-07T08:08:20+00:00\",\"description\":\"Acc\u00e9dez \u00e0 notre stock en ligne pour consulter en temps r\u00e9el la disponibilit\u00e9 de marbre et granit de qualit\u00e9. D\u00e9couvrez les derni\u00e8res nouveaut\u00e9s pour votre entreprise\",\"breadcrumb\":{\"@id\":\"https:\\\/\\\/www.cadorospa.it\\\/fr\\\/entrepot-en-ligne\\\/#breadcrumb\"},\"inLanguage\":\"fr-FR\",\"potentialAction\":[{\"@type\":\"ReadAction\",\"target\":[\"https:\\\/\\\/www.cadorospa.it\\\/fr\\\/entrepot-en-ligne\\\/\"]}]},{\"@type\":\"BreadcrumbList\",\"@id\":\"https:\\\/\\\/www.cadorospa.it\\\/fr\\\/entrepot-en-ligne\\\/#breadcrumb\",\"itemListElement\":[{\"@type\":\"ListItem\",\"position\":1,\"name\":\"Home\",\"item\":\"https:\\\/\\\/www.cadorospa.it\\\/fr\\\/\"},{\"@type\":\"ListItem\",\"position\":2,\"name\":\"ENTREPOT EN LIGNE\"}]},{\"@type\":\"WebSite\",\"@id\":\"https:\\\/\\\/www.cadorospa.it\\\/fr\\\/#website\",\"url\":\"https:\\\/\\\/www.cadorospa.it\\\/fr\\\/\",\"name\":\"Ca' D'oro spa\",\"description\":\"Qualit\u00e9 et Innovation dans la Fourniture de Marbre et Granit pour les Entreprises\",\"publisher\":{\"@id\":\"https:\\\/\\\/www.cadorospa.it\\\/fr\\\/#organization\"},\"potentialAction\":[{\"@type\":\"SearchAction\",\"target\":{\"@type\":\"EntryPoint\",\"urlTemplate\":\"https:\\\/\\\/www.cadorospa.it\\\/fr\\\/?s={search_term_string}\"},\"query-input\":{\"@type\":\"PropertyValueSpecification\",\"valueRequired\":true,\"valueName\":\"search_term_string\"}}],\"inLanguage\":\"fr-FR\"},{\"@type\":\"Organization\",\"@id\":\"https:\\\/\\\/www.cadorospa.it\\\/fr\\\/#organization\",\"name\":\"Ca' D'oro spa\",\"url\":\"https:\\\/\\\/www.cadorospa.it\\\/fr\\\/\",\"logo\":{\"@type\":\"ImageObject\",\"inLanguage\":\"fr-FR\",\"@id\":\"https:\\\/\\\/www.cadorospa.it\\\/fr\\\/#\\\/schema\\\/logo\\\/image\\\/\",\"url\":\"https:\\\/\\\/www.cadorospa.it\\\/wp-content\\\/uploads\\\/2023\\\/10\\\/logo-ca-doro.png\",\"contentUrl\":\"https:\\\/\\\/www.cadorospa.it\\\/wp-content\\\/uploads\\\/2023\\\/10\\\/logo-ca-doro.png\",\"width\":2329,\"height\":570,\"caption\":\"Ca' D'oro spa\"},\"image\":{\"@id\":\"https:\\\/\\\/www.cadorospa.it\\\/fr\\\/#\\\/schema\\\/logo\\\/image\\\/\"},\"sameAs\":[\"https:\\\/\\\/www.instagram.com\\\/cadoro_spa\\\/\",\"https:\\\/\\\/www.linkedin.com\\\/company\\\/ca-d-oro-spa\\\/\"]}]}<\/script>\n<!-- \/ Yoast SEO plugin. -->","yoast_head_json":{"title":"Stock en Ligne - Ca' D'ORO Spa : Disponibilit\u00e9 en Temps R\u00e9el de Marbre et Granit","description":"Acc\u00e9dez \u00e0 notre stock en ligne pour consulter en temps r\u00e9el la disponibilit\u00e9 de marbre et granit de qualit\u00e9. D\u00e9couvrez les derni\u00e8res nouveaut\u00e9s pour votre entreprise","robots":{"index":"index","follow":"follow","max-snippet":"max-snippet:-1","max-image-preview":"max-image-preview:large","max-video-preview":"max-video-preview:-1"},"canonical":"https:\/\/www.cadorospa.it\/fr\/entrepot-en-ligne\/","og_locale":"fr_FR","og_type":"article","og_title":"Stock en Ligne - Ca' D'ORO Spa : Disponibilit\u00e9 en Temps R\u00e9el de Marbre et Granit","og_description":"Acc\u00e9dez \u00e0 notre stock en ligne pour consulter en temps r\u00e9el la disponibilit\u00e9 de marbre et granit de qualit\u00e9. D\u00e9couvrez les derni\u00e8res nouveaut\u00e9s pour votre entreprise","og_url":"https:\/\/www.cadorospa.it\/fr\/entrepot-en-ligne\/","og_site_name":"Ca' D'ORO Spa - Fournisseur de Marbre et Granit pour les Entreprises","article_modified_time":"2025-05-07T08:08:20+00:00","twitter_card":"summary_large_image","twitter_misc":{"Dur\u00e9e de lecture estim\u00e9e":"1 minute"},"schema":{"@context":"https:\/\/schema.org","@graph":[{"@type":"WebPage","@id":"https:\/\/www.cadorospa.it\/fr\/entrepot-en-ligne\/","url":"https:\/\/www.cadorospa.it\/fr\/entrepot-en-ligne\/","name":"Stock en Ligne - Ca' D'ORO Spa : Disponibilit\u00e9 en Temps R\u00e9el de Marbre et Granit","isPartOf":{"@id":"https:\/\/www.cadorospa.it\/fr\/#website"},"datePublished":"2023-11-28T10:31:26+00:00","dateModified":"2025-05-07T08:08:20+00:00","description":"Acc\u00e9dez \u00e0 notre stock en ligne pour consulter en temps r\u00e9el la disponibilit\u00e9 de marbre et granit de qualit\u00e9. D\u00e9couvrez les derni\u00e8res nouveaut\u00e9s pour votre entreprise","breadcrumb":{"@id":"https:\/\/www.cadorospa.it\/fr\/entrepot-en-ligne\/#breadcrumb"},"inLanguage":"fr-FR","potentialAction":[{"@type":"ReadAction","target":["https:\/\/www.cadorospa.it\/fr\/entrepot-en-ligne\/"]}]},{"@type":"BreadcrumbList","@id":"https:\/\/www.cadorospa.it\/fr\/entrepot-en-ligne\/#breadcrumb","itemListElement":[{"@type":"ListItem","position":1,"name":"Home","item":"https:\/\/www.cadorospa.it\/fr\/"},{"@type":"ListItem","position":2,"name":"ENTREPOT EN LIGNE"}]},{"@type":"WebSite","@id":"https:\/\/www.cadorospa.it\/fr\/#website","url":"https:\/\/www.cadorospa.it\/fr\/","name":"Ca' D'oro spa","description":"Qualit\u00e9 et Innovation dans la Fourniture de Marbre et Granit pour les Entreprises","publisher":{"@id":"https:\/\/www.cadorospa.it\/fr\/#organization"},"potentialAction":[{"@type":"SearchAction","target":{"@type":"EntryPoint","urlTemplate":"https:\/\/www.cadorospa.it\/fr\/?s={search_term_string}"},"query-input":{"@type":"PropertyValueSpecification","valueRequired":true,"valueName":"search_term_string"}}],"inLanguage":"fr-FR"},{"@type":"Organization","@id":"https:\/\/www.cadorospa.it\/fr\/#organization","name":"Ca' D'oro spa","url":"https:\/\/www.cadorospa.it\/fr\/","logo":{"@type":"ImageObject","inLanguage":"fr-FR","@id":"https:\/\/www.cadorospa.it\/fr\/#\/schema\/logo\/image\/","url":"https:\/\/www.cadorospa.it\/wp-content\/uploads\/2023\/10\/logo-ca-doro.png","contentUrl":"https:\/\/www.cadorospa.it\/wp-content\/uploads\/2023\/10\/logo-ca-doro.png","width":2329,"height":570,"caption":"Ca' D'oro spa"},"image":{"@id":"https:\/\/www.cadorospa.it\/fr\/#\/schema\/logo\/image\/"},"sameAs":["https:\/\/www.instagram.com\/cadoro_spa\/","https:\/\/www.linkedin.com\/company\/ca-d-oro-spa\/"]}]}},"_links":{"self":[{"href":"https:\/\/www.cadorospa.it\/fr\/wp-json\/wp\/v2\/pages\/4669","targetHints":{"allow":["GET"]}}],"collection":[{"href":"https:\/\/www.cadorospa.it\/fr\/wp-json\/wp\/v2\/pages"}],"about":[{"href":"https:\/\/www.cadorospa.it\/fr\/wp-json\/wp\/v2\/types\/page"}],"author":[{"embeddable":true,"href":"https:\/\/www.cadorospa.it\/fr\/wp-json\/wp\/v2\/users\/1"}],"replies":[{"embeddable":true,"href":"https:\/\/www.cadorospa.it\/fr\/wp-json\/wp\/v2\/comments?post=4669"}],"version-history":[{"count":0,"href":"https:\/\/www.cadorospa.it\/fr\/wp-json\/wp\/v2\/pages\/4669\/revisions"}],"wp:attachment":[{"href":"https:\/\/www.cadorospa.it\/fr\/wp-json\/wp\/v2\/media?parent=4669"}],"curies":[{"name":"wp","href":"https:\/\/api.w.org\/{rel}","templated":true}]}}